{"id":33,"date":"2021-07-29T04:45:40","date_gmt":"2021-07-29T04:45:40","guid":{"rendered":"https:\/\/demoapus2.com\/freshen\/?page_id=33"},"modified":"2022-03-30T17:22:02","modified_gmt":"2022-03-30T20:22:02","slug":"about","status":"publish","type":"page","link":"https:\/\/belvederalimentos.com.br\/novosite\/about\/","title":{"rendered":"Sobre a Belveder"},"content":{"rendered":"\t\t<div data-elementor-type=\"wp-page\" data-elementor-id=\"33\" class=\"elementor elementor-33\" data-elementor-settings=\"[]\">\n\t\t\t\t\t\t\t<div class=\"elementor-section-wrap\">\n\t\t\t\t\t\t\t<section class=\"elementor-section elementor-top-section elementor-element elementor-element-2cd83cb elementor-section-stretched elementor-section-boxed elementor-section-height-default elementor-section-height-default\" data-id=\"2cd83cb\" data-element_type=\"section\" data-settings=\"{&quot;stretch_section&quot;:&quot;section-stretched&quot;}\">\n\t\t\t\t\t\t<div class=\"elementor-container elementor-column-gap-extended\">\n\t\t\t\t\t<div class=\"elementor-column elementor-col-50 elementor-top-column elementor-element elementor-element-c704405\" data-id=\"c704405\" data-element_type=\"column\">\n\t\t\t<div class=\"elementor-widget-wrap elementor-element-populated\">\n\t\t\t\t\t\t\t\t<div class=\"elementor-element elementor-element-f200b68 elementor-widget elementor-widget-image\" data-id=\"f200b68\" data-element_type=\"widget\" data-widget_type=\"image.default\">\n\t\t\t\t<div class=\"elementor-widget-container\">\n\t\t\t<style>\/*! elementor - v3.5.4 - 23-01-2022 *\/\n.elementor-widget-image{text-align:center}.elementor-widget-image a{display:inline-block}.elementor-widget-image a img[src$=\".svg\"]{width:48px}.elementor-widget-image img{vertical-align:middle;display:inline-block}<\/style>\t\t\t\t\t\t\t\t\t\t\t\t\t<a href=\"#\">\n\t\t\t\t\t\t\t<img width=\"554\" height=\"532\" src=\"https:\/\/belvederalimentos.com.br\/novosite\/wp-content\/uploads\/2022\/03\/800-lg.jpg\" class=\"attachment-full size-full\" alt=\"\" loading=\"lazy\" srcset=\"https:\/\/belvederalimentos.com.br\/novosite\/wp-content\/uploads\/2022\/03\/800-lg.jpg 554w, https:\/\/belvederalimentos.com.br\/novosite\/wp-content\/uploads\/2022\/03\/800-lg-300x288.jpg 300w\" sizes=\"(max-width: 554px) 100vw, 554px\" \/>\t\t\t\t\t\t\t\t<\/a>\n\t\t\t\t\t\t\t\t\t\t\t\t\t\t\t<\/div>\n\t\t\t\t<\/div>\n\t\t\t\t<div class=\"elementor-element elementor-element-08bb3ae elementor-widget__width-auto elementor-absolute elementor-hidden-mobile elementor-widget elementor-widget-image\" data-id=\"08bb3ae\" data-element_type=\"widget\" data-settings=\"{&quot;_position&quot;:&quot;absolute&quot;}\" data-widget_type=\"image.default\">\n\t\t\t\t<div class=\"elementor-widget-container\">\n\t\t\t\t\t\t\t\t\t\t\t\t\t\t\t\t<a href=\"#\">\n\t\t\t\t\t\t\t<img src=\"https:\/\/belvederalimentos.com.br\/novosite\/wp-content\/uploads\/elementor\/thumbs\/mesa1-pmn64ihstkpertybpjy7xgir3ybhcivct3v4q8kq9u.jpg\" title=\"mesa1\" alt=\"mesa1\" \/>\t\t\t\t\t\t\t\t<\/a>\n\t\t\t\t\t\t\t\t\t\t\t\t\t\t\t<\/div>\n\t\t\t\t<\/div>\n\t\t\t\t\t<\/div>\n\t\t<\/div>\n\t\t\t\t<div class=\"elementor-column elementor-col-50 elementor-top-column elementor-element elementor-element-4d6560b\" data-id=\"4d6560b\" data-element_type=\"column\">\n\t\t\t<div class=\"elementor-widget-wrap elementor-element-populated\">\n\t\t\t\t\t\t\t\t<div class=\"elementor-element elementor-element-b520633 elementor-widget elementor-widget-heading\" data-id=\"b520633\" data-element_type=\"widget\" data-widget_type=\"heading.default\">\n\t\t\t\t<div class=\"elementor-widget-container\">\n\t\t\t<style>\/*! elementor - v3.5.4 - 23-01-2022 *\/\n.elementor-heading-title{padding:0;margin:0;line-height:1}.elementor-widget-heading .elementor-heading-title[class*=elementor-size-]>a{color:inherit;font-size:inherit;line-height:inherit}.elementor-widget-heading .elementor-heading-title.elementor-size-small{font-size:15px}.elementor-widget-heading .elementor-heading-title.elementor-size-medium{font-size:19px}.elementor-widget-heading .elementor-heading-title.elementor-size-large{font-size:29px}.elementor-widget-heading .elementor-heading-title.elementor-size-xl{font-size:39px}.elementor-widget-heading .elementor-heading-title.elementor-size-xxl{font-size:59px}<\/style><h2 class=\"elementor-heading-title elementor-size-default\">Produtos que surpreendem pelo <span class=\"text-theme\">sabor e qualidade!<\/span> <br>\n\n<\/h2>\t\t<\/div>\n\t\t\t\t<\/div>\n\t\t\t\t<div class=\"elementor-element elementor-element-0707060 elementor-widget elementor-widget-text-editor\" data-id=\"0707060\" data-element_type=\"widget\" data-widget_type=\"text-editor.default\">\n\t\t\t\t<div class=\"elementor-widget-container\">\n\t\t\t<style>\/*! elementor - v3.5.4 - 23-01-2022 *\/\n.elementor-widget-text-editor.elementor-drop-cap-view-stacked .elementor-drop-cap{background-color:#818a91;color:#fff}.elementor-widget-text-editor.elementor-drop-cap-view-framed .elementor-drop-cap{color:#818a91;border:3px solid;background-color:transparent}.elementor-widget-text-editor:not(.elementor-drop-cap-view-default) .elementor-drop-cap{margin-top:8px}.elementor-widget-text-editor:not(.elementor-drop-cap-view-default) .elementor-drop-cap-letter{width:1em;height:1em}.elementor-widget-text-editor .elementor-drop-cap{float:left;text-align:center;line-height:1;font-size:50px}.elementor-widget-text-editor .elementor-drop-cap-letter{display:inline-block}<\/style>\t\t\t\t<div class=\"sppb-row-container\"><div class=\"sppb-row\"><div id=\"column-wrap-id-1585769894100\" class=\"sppb-col-md-6\"><div id=\"column-id-1585769894100\" class=\"sppb-column\"><div class=\"sppb-column-addons\"><div id=\"sppb-addon-1585769894105\" class=\"clearfix\"><div class=\"sppb-addon sppb-addon-text-block 0 \"><div class=\"sppb-addon-content\"><p>A BELVEDER ALIMENTOS\u00a0 \u00e9 uma empresa do\u00a0 Grupo MFPARIS que empreende em\u00e1reasdiversas que impulsionam e geram riquezas ao pa\u00eds e aos parceiros de neg\u00f3cios. Lojas, franquias, armaz\u00e9ns,<br \/>torrefa\u00e7\u00e3o de caf\u00e9, comercializa\u00e7\u00e3o de feij\u00e3o e v\u00e1rios outros cereais fazem parte do portf\u00f3lio do grupo.<\/p><p>Temos os melhores produtores para distribuir em todo Brasil, e toda estrutura para empresa &#8211; exporta\u00e7\u00e3o atender nos quatro cantos do mundo.<\/p><p>Nosso prop\u00f3sito \u00e9 oferecer uma parceria e produtos diferenciados e mais adequados ao parceiro.<br \/>Tendo uma verdadeira rela\u00e7\u00e3o de confian\u00e7a e admira\u00e7\u00e3o pelomelhor servi\u00e7o prestado e gera\u00e7\u00e3o de riqueza.<\/p><p>Exportamos por excel\u00eancia, trabalhamos com parceria e formamos grandes neg\u00f3cios.<\/p><\/div><\/div><\/div><\/div><\/div><\/div><\/div><\/div>\t\t\t\t\t\t<\/div>\n\t\t\t\t<\/div>\n\t\t\t\t\t<\/div>\n\t\t<\/div>\n\t\t\t\t\t\t\t<\/div>\n\t\t<\/section>\n\t\t\t\t<section class=\"elementor-section elementor-top-section elementor-element elementor-element-7a8b8c6 elementor-section-stretched elementor-hidden-desktop elementor-hidden-tablet elementor-hidden-mobile elementor-section-boxed elementor-section-height-default elementor-section-height-default\" data-id=\"7a8b8c6\" data-element_type=\"section\" data-settings=\"{&quot;stretch_section&quot;:&quot;section-stretched&quot;}\">\n\t\t\t\t\t\t<div class=\"elementor-container elementor-column-gap-extended\">\n\t\t\t\t\t<div class=\"elementor-column elementor-col-16 elementor-top-column elementor-element elementor-element-1527afb\" data-id=\"1527afb\" data-element_type=\"column\">\n\t\t\t<div class=\"elementor-widget-wrap elementor-element-populated\">\n\t\t\t\t\t\t\t\t<div class=\"elementor-element elementor-element-afd1dc3 elementor-widget elementor-widget-apus_element_team\" data-id=\"afd1dc3\" data-element_type=\"widget\" data-widget_type=\"apus_element_team.default\">\n\t\t\t\t<div class=\"elementor-widget-container\">\n\t\t\t        <div class=\"widget-team \">\n            <div class=\"top-image\">\n                                    <div class=\"team-image\">\n                                            <\/div>\n                            <\/div>\n            <div class=\"content\">\n                                    <h3 class=\"name-team\">Wade Warren<\/h3>\n                                                    <div class=\"job\">Marketing<\/div>\n                            <\/div>\n            <ul class=\"social\">\n                                    <li>\n                        <a href=\"#\" title=\"Social Title\">\n                            \n                            \n                            <i class=\"fab fa-facebook-f\"><\/i>                        <\/a>\n                    <\/li>\n                                    <li>\n                        <a href=\"#\" title=\"Social Title\">\n                            \n                            \n                            <i class=\"fab fa-twitter\"><\/i>                        <\/a>\n                    <\/li>\n                                    <li>\n                        <a href=\"#\" title=\"Social Title\">\n                            \n                            \n                            <i class=\"fab fa-instagram\"><\/i>                        <\/a>\n                    <\/li>\n                                    <li>\n                        <a href=\"#\" title=\"Social Title\">\n                            \n                            \n                            <i class=\"fab fa-pinterest-p\"><\/i>                        <\/a>\n                    <\/li>\n                            <\/ul>\n        <\/div>\n        \t\t<\/div>\n\t\t\t\t<\/div>\n\t\t\t\t\t<\/div>\n\t\t<\/div>\n\t\t\t\t<div class=\"elementor-column elementor-col-16 elementor-top-column elementor-element elementor-element-4e167b3\" data-id=\"4e167b3\" data-element_type=\"column\">\n\t\t\t<div class=\"elementor-widget-wrap elementor-element-populated\">\n\t\t\t\t\t\t\t\t<div class=\"elementor-element elementor-element-d11cdd7 elementor-widget elementor-widget-apus_element_team\" data-id=\"d11cdd7\" data-element_type=\"widget\" data-widget_type=\"apus_element_team.default\">\n\t\t\t\t<div class=\"elementor-widget-container\">\n\t\t\t        <div class=\"widget-team \">\n            <div class=\"top-image\">\n                                    <div class=\"team-image\">\n                                            <\/div>\n                            <\/div>\n            <div class=\"content\">\n                                    <h3 class=\"name-team\">Floyd Miles<\/h3>\n                                                    <div class=\"job\">Developer<\/div>\n                            <\/div>\n            <ul class=\"social\">\n                                    <li>\n                        <a href=\"#\" title=\"Social Title\">\n                            \n                            \n                            <i class=\"fab fa-facebook-f\"><\/i>                        <\/a>\n                    <\/li>\n                                    <li>\n                        <a href=\"#\" title=\"Social Title\">\n                            \n                            \n                            <i class=\"fab fa-twitter\"><\/i>                        <\/a>\n                    <\/li>\n                                    <li>\n                        <a href=\"#\" title=\"Social Title\">\n                            \n                            \n                            <i class=\"fab fa-instagram\"><\/i>                        <\/a>\n                    <\/li>\n                                    <li>\n                        <a href=\"#\" title=\"Social Title\">\n                            \n                            \n                            <i class=\"fab fa-pinterest-p\"><\/i>                        <\/a>\n                    <\/li>\n                            <\/ul>\n        <\/div>\n        \t\t<\/div>\n\t\t\t\t<\/div>\n\t\t\t\t\t<\/div>\n\t\t<\/div>\n\t\t\t\t<div class=\"elementor-column elementor-col-16 elementor-top-column elementor-element elementor-element-7596b1b\" data-id=\"7596b1b\" data-element_type=\"column\">\n\t\t\t<div class=\"elementor-widget-wrap elementor-element-populated\">\n\t\t\t\t\t\t\t\t<div class=\"elementor-element elementor-element-f215297 elementor-widget elementor-widget-apus_element_team\" data-id=\"f215297\" data-element_type=\"widget\" data-widget_type=\"apus_element_team.default\">\n\t\t\t\t<div class=\"elementor-widget-container\">\n\t\t\t        <div class=\"widget-team \">\n            <div class=\"top-image\">\n                                    <div class=\"team-image\">\n                                            <\/div>\n                            <\/div>\n            <div class=\"content\">\n                                    <h3 class=\"name-team\">Brooklyn Simmons<\/h3>\n                                                    <div class=\"job\">Customer<\/div>\n                            <\/div>\n            <ul class=\"social\">\n                                    <li>\n                        <a href=\"#\" title=\"Social Title\">\n                            \n                            \n                            <i class=\"fab fa-facebook-f\"><\/i>                        <\/a>\n                    <\/li>\n                                    <li>\n                        <a href=\"#\" title=\"Social Title\">\n                            \n                            \n                            <i class=\"fab fa-twitter\"><\/i>                        <\/a>\n                    <\/li>\n                                    <li>\n                        <a href=\"#\" title=\"Social Title\">\n                            \n                            \n                            <i class=\"fab fa-instagram\"><\/i>                        <\/a>\n                    <\/li>\n                                    <li>\n                        <a href=\"#\" title=\"Social Title\">\n                            \n                            \n                            <i class=\"fab fa-pinterest-p\"><\/i>                        <\/a>\n                    <\/li>\n                            <\/ul>\n        <\/div>\n        \t\t<\/div>\n\t\t\t\t<\/div>\n\t\t\t\t\t<\/div>\n\t\t<\/div>\n\t\t\t\t<div class=\"elementor-column elementor-col-16 elementor-top-column elementor-element elementor-element-18c1185\" data-id=\"18c1185\" data-element_type=\"column\">\n\t\t\t<div class=\"elementor-widget-wrap elementor-element-populated\">\n\t\t\t\t\t\t\t\t<div class=\"elementor-element elementor-element-91753e5 elementor-widget elementor-widget-apus_element_team\" data-id=\"91753e5\" data-element_type=\"widget\" data-widget_type=\"apus_element_team.default\">\n\t\t\t\t<div class=\"elementor-widget-container\">\n\t\t\t        <div class=\"widget-team \">\n            <div class=\"top-image\">\n                                    <div class=\"team-image\">\n                                            <\/div>\n                            <\/div>\n            <div class=\"content\">\n                                    <h3 class=\"name-team\">Ralph Edwards<\/h3>\n                                                    <div class=\"job\">Marketing<\/div>\n                            <\/div>\n            <ul class=\"social\">\n                                    <li>\n                        <a href=\"#\" title=\"Social Title\">\n                            \n                            \n                            <i class=\"fab fa-facebook-f\"><\/i>                        <\/a>\n                    <\/li>\n                                    <li>\n                        <a href=\"#\" title=\"Social Title\">\n                            \n                            \n                            <i class=\"fab fa-twitter\"><\/i>                        <\/a>\n                    <\/li>\n                                    <li>\n                        <a href=\"#\" title=\"Social Title\">\n                            \n                            \n                            <i class=\"fab fa-instagram\"><\/i>                        <\/a>\n                    <\/li>\n                                    <li>\n                        <a href=\"#\" title=\"Social Title\">\n                            \n                            \n                            <i class=\"fab fa-pinterest-p\"><\/i>                        <\/a>\n                    <\/li>\n                            <\/ul>\n        <\/div>\n        \t\t<\/div>\n\t\t\t\t<\/div>\n\t\t\t\t\t<\/div>\n\t\t<\/div>\n\t\t\t\t<div class=\"elementor-column elementor-col-16 elementor-top-column elementor-element elementor-element-8adc4c1\" data-id=\"8adc4c1\" data-element_type=\"column\">\n\t\t\t<div class=\"elementor-widget-wrap elementor-element-populated\">\n\t\t\t\t\t\t\t\t<div class=\"elementor-element elementor-element-dd1e9f2 elementor-widget elementor-widget-apus_element_team\" data-id=\"dd1e9f2\" data-element_type=\"widget\" data-widget_type=\"apus_element_team.default\">\n\t\t\t\t<div class=\"elementor-widget-container\">\n\t\t\t        <div class=\"widget-team \">\n            <div class=\"top-image\">\n                                    <div class=\"team-image\">\n                                            <\/div>\n                            <\/div>\n            <div class=\"content\">\n                                    <h3 class=\"name-team\">Leslie Alexander<\/h3>\n                                                    <div class=\"job\">Advertising<\/div>\n                            <\/div>\n            <ul class=\"social\">\n                                    <li>\n                        <a href=\"#\" title=\"Social Title\">\n                            \n                            \n                            <i class=\"fab fa-facebook-f\"><\/i>                        <\/a>\n                    <\/li>\n                                    <li>\n                        <a href=\"#\" title=\"Social Title\">\n                            \n                            \n                            <i class=\"fab fa-twitter\"><\/i>                        <\/a>\n                    <\/li>\n                                    <li>\n                        <a href=\"#\" title=\"Social Title\">\n                            \n                            \n                            <i class=\"fab fa-instagram\"><\/i>                        <\/a>\n                    <\/li>\n                                    <li>\n                        <a href=\"#\" title=\"Social Title\">\n                            \n                            \n                            <i class=\"fab fa-pinterest-p\"><\/i>                        <\/a>\n                    <\/li>\n                            <\/ul>\n        <\/div>\n        \t\t<\/div>\n\t\t\t\t<\/div>\n\t\t\t\t\t<\/div>\n\t\t<\/div>\n\t\t\t\t<div class=\"elementor-column elementor-col-16 elementor-top-column elementor-element elementor-element-d5b4145\" data-id=\"d5b4145\" data-element_type=\"column\">\n\t\t\t<div class=\"elementor-widget-wrap elementor-element-populated\">\n\t\t\t\t\t\t\t\t<div class=\"elementor-element elementor-element-601be16 elementor-widget elementor-widget-apus_element_team\" data-id=\"601be16\" data-element_type=\"widget\" data-widget_type=\"apus_element_team.default\">\n\t\t\t\t<div class=\"elementor-widget-container\">\n\t\t\t        <div class=\"widget-team \">\n            <div class=\"top-image\">\n                                    <div class=\"team-image\">\n                                            <\/div>\n                            <\/div>\n            <div class=\"content\">\n                                    <h3 class=\"name-team\">Wade Warren<\/h3>\n                                                    <div class=\"job\">Design<\/div>\n                            <\/div>\n            <ul class=\"social\">\n                                    <li>\n                        <a href=\"#\" title=\"Social Title\">\n                            \n                            \n                            <i class=\"fab fa-facebook-f\"><\/i>                        <\/a>\n                    <\/li>\n                                    <li>\n                        <a href=\"#\" title=\"Social Title\">\n                            \n                            \n                            <i class=\"fab fa-twitter\"><\/i>                        <\/a>\n                    <\/li>\n                                    <li>\n                        <a href=\"#\" title=\"Social Title\">\n                            \n                            \n                            <i class=\"fab fa-instagram\"><\/i>                        <\/a>\n                    <\/li>\n                                    <li>\n                        <a href=\"#\" title=\"Social Title\">\n                            \n                            \n                            <i class=\"fab fa-pinterest-p\"><\/i>                        <\/a>\n                    <\/li>\n                            <\/ul>\n        <\/div>\n        \t\t<\/div>\n\t\t\t\t<\/div>\n\t\t\t\t\t<\/div>\n\t\t<\/div>\n\t\t\t\t\t\t\t<\/div>\n\t\t<\/section>\n\t\t\t\t\t\t<\/div>\n\t\t\t\t\t<\/div>\n\t\t","protected":false},"excerpt":{"rendered":"<p>Produtos que surpreendem pelo sabor e qualidade! A BELVEDER ALIMENTOS\u00a0 \u00e9 uma empresa do\u00a0 Grupo MFPARIS que empreende em\u00e1reasdiversas que impulsionam e geram riquezas ao pa\u00eds e aos parceiros de neg\u00f3cios. Lojas, franquias, armaz\u00e9ns,torrefa\u00e7\u00e3o de caf\u00e9, comercializa\u00e7\u00e3o de feij\u00e3o e v\u00e1rios outros cereais fazem parte do portf\u00f3lio do grupo. Temos os melhores produtores para distribuir &hellip; <br \/><a href=\"https:\/\/belvederalimentos.com.br\/novosite\/about\/\" class=\"more-link\">Continue reading <span class=\"screen-reader-text\">Sobre a Belveder<\/span><\/a><\/p>\n","protected":false},"author":1,"featured_media":0,"parent":0,"menu_order":0,"comment_status":"closed","ping_status":"closed","template":"","meta":[],"_links":{"self":[{"href":"https:\/\/belvederalimentos.com.br\/novosite\/wp-json\/wp\/v2\/pages\/33"}],"collection":[{"href":"https:\/\/belvederalimentos.com.br\/novosite\/wp-json\/wp\/v2\/pages"}],"about":[{"href":"https:\/\/belvederalimentos.com.br\/novosite\/wp-json\/wp\/v2\/types\/page"}],"author":[{"embeddable":true,"href":"https:\/\/belvederalimentos.com.br\/novosite\/wp-json\/wp\/v2\/users\/1"}],"replies":[{"embeddable":true,"href":"https:\/\/belvederalimentos.com.br\/novosite\/wp-json\/wp\/v2\/comments?post=33"}],"version-history":[{"count":18,"href":"https:\/\/belvederalimentos.com.br\/novosite\/wp-json\/wp\/v2\/pages\/33\/revisions"}],"predecessor-version":[{"id":4997,"href":"https:\/\/belvederalimentos.com.br\/novosite\/wp-json\/wp\/v2\/pages\/33\/revisions\/4997"}],"wp:attachment":[{"href":"https:\/\/belvederalimentos.com.br\/novosite\/wp-json\/wp\/v2\/media?parent=33"}],"curies":[{"name":"wp","href":"https:\/\/api.w.org\/{rel}","templated":true}]}}