{"id":2604,"date":"2021-09-03T10:56:32","date_gmt":"2021-09-03T13:56:32","guid":{"rendered":"https:\/\/demoapus2.com\/freshen\/?post_type=product&#038;p=2604"},"modified":"2022-01-26T18:13:09","modified_gmt":"2022-01-26T20:13:09","slug":"cafe-belveder-250-gr","status":"publish","type":"product","link":"https:\/\/belvederalimentos.com.br\/novosite\/product\/cafe-belveder-250-gr\/","title":{"rendered":"Caf\u00e9 Belveder 250 gr"},"content":{"rendered":"","protected":false},"excerpt":{"rendered":"<p>Caf\u00e9 Belveder 250 gr &#8211; Embalagem \u00e0 vacuo<\/p>\n","protected":false},"featured_media":4852,"comment_status":"open","ping_status":"closed","template":"","meta":[],"product_cat":[35],"product_tag":[109],"_links":{"self":[{"href":"https:\/\/belvederalimentos.com.br\/novosite\/wp-json\/wp\/v2\/product\/2604"}],"collection":[{"href":"https:\/\/belvederalimentos.com.br\/novosite\/wp-json\/wp\/v2\/product"}],"about":[{"href":"https:\/\/belvederalimentos.com.br\/novosite\/wp-json\/wp\/v2\/types\/product"}],"replies":[{"embeddable":true,"href":"https:\/\/belvederalimentos.com.br\/novosite\/wp-json\/wp\/v2\/comments?post=2604"}],"wp:featuredmedia":[{"embeddable":true,"href":"https:\/\/belvederalimentos.com.br\/novosite\/wp-json\/wp\/v2\/media\/4852"}],"wp:attachment":[{"href":"https:\/\/belvederalimentos.com.br\/novosite\/wp-json\/wp\/v2\/media?parent=2604"}],"wp:term":[{"taxonomy":"product_cat","embeddable":true,"href":"https:\/\/belvederalimentos.com.br\/novosite\/wp-json\/wp\/v2\/product_cat?post=2604"},{"taxonomy":"product_tag","embeddable":true,"href":"https:\/\/belvederalimentos.com.br\/novosite\/wp-json\/wp\/v2\/product_tag?post=2604"}],"curies":[{"name":"wp","href":"https:\/\/api.w.org\/{rel}","templated":true}]}}