{"id":4818,"date":"2022-01-26T17:28:14","date_gmt":"2022-01-26T19:28:14","guid":{"rendered":"https:\/\/belvederalimentos.com.br\/novosite\/?post_type=product&#038;p=4818"},"modified":"2023-01-25T02:02:24","modified_gmt":"2023-01-25T04:02:24","slug":"cafe-belveder-500-gr","status":"publish","type":"product","link":"https:\/\/belvederalimentos.com.br\/novosite\/product\/cafe-belveder-500-gr\/","title":{"rendered":"Caf\u00e9 Belveder 500 gr"},"content":{"rendered":"","protected":false},"excerpt":{"rendered":"<p>Caf\u00e9 Belveder 500 gr &#8211; Embalagem \u00e0 vacuo<\/p>\n","protected":false},"featured_media":4851,"comment_status":"open","ping_status":"closed","template":"","meta":[],"product_cat":[35],"product_tag":[109],"_links":{"self":[{"href":"https:\/\/belvederalimentos.com.br\/novosite\/wp-json\/wp\/v2\/product\/4818"}],"collection":[{"href":"https:\/\/belvederalimentos.com.br\/novosite\/wp-json\/wp\/v2\/product"}],"about":[{"href":"https:\/\/belvederalimentos.com.br\/novosite\/wp-json\/wp\/v2\/types\/product"}],"replies":[{"embeddable":true,"href":"https:\/\/belvederalimentos.com.br\/novosite\/wp-json\/wp\/v2\/comments?post=4818"}],"wp:featuredmedia":[{"embeddable":true,"href":"https:\/\/belvederalimentos.com.br\/novosite\/wp-json\/wp\/v2\/media\/4851"}],"wp:attachment":[{"href":"https:\/\/belvederalimentos.com.br\/novosite\/wp-json\/wp\/v2\/media?parent=4818"}],"wp:term":[{"taxonomy":"product_cat","embeddable":true,"href":"https:\/\/belvederalimentos.com.br\/novosite\/wp-json\/wp\/v2\/product_cat?post=4818"},{"taxonomy":"product_tag","embeddable":true,"href":"https:\/\/belvederalimentos.com.br\/novosite\/wp-json\/wp\/v2\/product_tag?post=4818"}],"curies":[{"name":"wp","href":"https:\/\/api.w.org\/{rel}","templated":true}]}}