{"id":4998,"date":"2022-03-31T15:04:10","date_gmt":"2022-03-31T18:04:10","guid":{"rendered":"https:\/\/belvederalimentos.com.br\/novosite\/?post_type=product&#038;p=4998"},"modified":"2022-03-31T15:04:11","modified_gmt":"2022-03-31T18:04:11","slug":"cafe-tradicional","status":"publish","type":"product","link":"https:\/\/belvederalimentos.com.br\/novosite\/product\/cafe-tradicional\/","title":{"rendered":"Caf\u00e9 Tradicional"},"content":{"rendered":"<p>Nota igual ou maior a 4,5 e inferior a 5,9.<br \/>\nPonto de torra m\u00e9dio, moderadamente escuro, escuro.<\/p>\n<p>O Belveder Caf\u00e9 Tradicional possui uma fragr\u00e2ncia marcante e um aroma intenso, oriundo da torra de gr\u00e3os selecionados que resulta em uma bebida encorpada, com sabor pronunciado e acidezmoderada. Esse equil\u00edbriodo Blend\u00e9 satisfa\u00e7\u00e3o garantida aos mais exigentes paladares que consumem nosso caf\u00e9 durantea rotina di\u00e1ria.<\/p>\n<p>Acondicionado em embalagens alto v\u00e1cuo com atmosfera protetora 100% selada.<\/p>\n","protected":false},"excerpt":{"rendered":"<p>Nota igual ou maior a 4,5 e inferior a 5,9. Ponto de torra m\u00e9dio, moderadamente escuro, escuro. O Belveder Caf\u00e9 Tradicional possui uma fragr\u00e2ncia marcante e um aroma intenso, oriundo da torra de gr\u00e3os selecionados que resulta em uma bebida encorpada, com sabor pronunciado e acidezmoderada. Esse equil\u00edbriodo Blend\u00e9 satisfa\u00e7\u00e3o garantida aos mais exigentes paladares &hellip; <br \/><a href=\"https:\/\/belvederalimentos.com.br\/novosite\/product\/cafe-tradicional\/\" class=\"more-link\">Continue reading <span class=\"screen-reader-text\">Caf\u00e9 Tradicional<\/span><\/a><\/p>\n","protected":false},"featured_media":4999,"comment_status":"open","ping_status":"closed","template":"","meta":[],"product_cat":[35],"product_tag":[],"_links":{"self":[{"href":"https:\/\/belvederalimentos.com.br\/novosite\/wp-json\/wp\/v2\/product\/4998"}],"collection":[{"href":"https:\/\/belvederalimentos.com.br\/novosite\/wp-json\/wp\/v2\/product"}],"about":[{"href":"https:\/\/belvederalimentos.com.br\/novosite\/wp-json\/wp\/v2\/types\/product"}],"replies":[{"embeddable":true,"href":"https:\/\/belvederalimentos.com.br\/novosite\/wp-json\/wp\/v2\/comments?post=4998"}],"wp:featuredmedia":[{"embeddable":true,"href":"https:\/\/belvederalimentos.com.br\/novosite\/wp-json\/wp\/v2\/media\/4999"}],"wp:attachment":[{"href":"https:\/\/belvederalimentos.com.br\/novosite\/wp-json\/wp\/v2\/media?parent=4998"}],"wp:term":[{"taxonomy":"product_cat","embeddable":true,"href":"https:\/\/belvederalimentos.com.br\/novosite\/wp-json\/wp\/v2\/product_cat?post=4998"},{"taxonomy":"product_tag","embeddable":true,"href":"https:\/\/belvederalimentos.com.br\/novosite\/wp-json\/wp\/v2\/product_tag?post=4998"}],"curies":[{"name":"wp","href":"https:\/\/api.w.org\/{rel}","templated":true}]}}