{"id":5000,"date":"2022-03-31T15:08:16","date_gmt":"2022-03-31T18:08:16","guid":{"rendered":"https:\/\/belvederalimentos.com.br\/novosite\/?post_type=product&#038;p=5000"},"modified":"2022-03-31T15:09:01","modified_gmt":"2022-03-31T18:09:01","slug":"cafe-gourmet","status":"publish","type":"product","link":"https:\/\/belvederalimentos.com.br\/novosite\/product\/cafe-gourmet\/","title":{"rendered":"Caf\u00e9 Gourmet"},"content":{"rendered":"<p>Nota igual ou superior a 7,3 e at\u00e9 10.<br \/>\nPonto de torra moderadamente claro, m\u00e9dio claro.<\/p>\n<p>Composto por gr\u00e3os selecionados, 100% ar\u00e1bica, de regi\u00f5es produtoras de caf\u00e9s de qualidade. Sua acidez citrica, seu sabor residual especial e seu aroma\/fragr\u00e2ncia bem marcantes, resultam em um caf\u00e9 de excel\u00eancia. Sua do\u00e7ura e corpo ficam evidenciados pelo amargor pouco pronunciado oriundo de uma torra moderadamente escura que tornam esse caf\u00e9 \u00fanico, feito para os consumidor esespeciais.<\/p>\n<p>Acondicionado em embalagens alto v\u00e1cuo com atmosfera protetora 100% selada em apresenta\u00e7\u00e3o d e500g. O Espresso Gourmet emgr\u00e3os emembalagens de 1KG.<\/p>\n<p>&nbsp;<\/p>\n","protected":false},"excerpt":{"rendered":"<p>Nota igual ou superior a 7,3 e at\u00e9 10. Ponto de torra moderadamente claro, m\u00e9dio claro. Composto por gr\u00e3os selecionados, 100% ar\u00e1bica, de regi\u00f5es produtoras de caf\u00e9s de qualidade. Sua acidez citrica, seu sabor residual especial e seu aroma\/fragr\u00e2ncia bem marcantes, resultam em um caf\u00e9 de excel\u00eancia. Sua do\u00e7ura e corpo ficam evidenciados pelo amargor &hellip; <br \/><a href=\"https:\/\/belvederalimentos.com.br\/novosite\/product\/cafe-gourmet\/\" class=\"more-link\">Continue reading <span class=\"screen-reader-text\">Caf\u00e9 Gourmet<\/span><\/a><\/p>\n","protected":false},"featured_media":4999,"comment_status":"open","ping_status":"closed","template":"","meta":[],"product_cat":[35],"product_tag":[],"_links":{"self":[{"href":"https:\/\/belvederalimentos.com.br\/novosite\/wp-json\/wp\/v2\/product\/5000"}],"collection":[{"href":"https:\/\/belvederalimentos.com.br\/novosite\/wp-json\/wp\/v2\/product"}],"about":[{"href":"https:\/\/belvederalimentos.com.br\/novosite\/wp-json\/wp\/v2\/types\/product"}],"replies":[{"embeddable":true,"href":"https:\/\/belvederalimentos.com.br\/novosite\/wp-json\/wp\/v2\/comments?post=5000"}],"wp:featuredmedia":[{"embeddable":true,"href":"https:\/\/belvederalimentos.com.br\/novosite\/wp-json\/wp\/v2\/media\/4999"}],"wp:attachment":[{"href":"https:\/\/belvederalimentos.com.br\/novosite\/wp-json\/wp\/v2\/media?parent=5000"}],"wp:term":[{"taxonomy":"product_cat","embeddable":true,"href":"https:\/\/belvederalimentos.com.br\/novosite\/wp-json\/wp\/v2\/product_cat?post=5000"},{"taxonomy":"product_tag","embeddable":true,"href":"https:\/\/belvederalimentos.com.br\/novosite\/wp-json\/wp\/v2\/product_tag?post=5000"}],"curies":[{"name":"wp","href":"https:\/\/api.w.org\/{rel}","templated":true}]}}