{"id":5001,"date":"2022-03-31T15:12:44","date_gmt":"2022-03-31T18:12:44","guid":{"rendered":"https:\/\/belvederalimentos.com.br\/novosite\/?post_type=product&#038;p=5001"},"modified":"2022-03-31T15:19:37","modified_gmt":"2022-03-31T18:19:37","slug":"cafe-superior","status":"publish","type":"product","link":"https:\/\/belvederalimentos.com.br\/novosite\/product\/cafe-superior\/","title":{"rendered":"Caf\u00e9 Superior"},"content":{"rendered":"<p>Nota igual ou maior a 6 e at\u00e9 7,2.<br \/>\nPonto de torra m\u00e9dio claro, m\u00e9dio.<\/p>\n<p>O Belveder Caf\u00e9 Superior \u00e9 composto por gr\u00e3os exclusivamente ar\u00e1bicos, colhidos no grau de matura\u00e7\u00e3o ideal &#8220;cereja&#8221; e torra achocolatada, resultando em uma bebida agradabil\u00edssima com harmonia plena em todos seus atributos sensoriais. Esse Blend foi elaborado para aqueles consumidores mais requintados que buscam uma perfei\u00e7\u00e3o do caf\u00e9 na x\u00edcara.<\/p>\n<p>Acondicionado em embalagens alto v\u00e1cuo com atmosfera protetora 100% selada em apresenta\u00e7\u00e3o de 500g.<\/p>\n","protected":false},"excerpt":{"rendered":"<p>Nota igual ou maior a 6 e at\u00e9 7,2. Ponto de torra m\u00e9dio claro, m\u00e9dio. O Belveder Caf\u00e9 Superior \u00e9 composto por gr\u00e3os exclusivamente ar\u00e1bicos, colhidos no grau de matura\u00e7\u00e3o ideal &#8220;cereja&#8221; e torra achocolatada, resultando em uma bebida agradabil\u00edssima com harmonia plena em todos seus atributos sensoriais. Esse Blend foi elaborado para aqueles consumidores &hellip; <br \/><a href=\"https:\/\/belvederalimentos.com.br\/novosite\/product\/cafe-superior\/\" class=\"more-link\">Continue reading <span class=\"screen-reader-text\">Caf\u00e9 Superior<\/span><\/a><\/p>\n","protected":false},"featured_media":4999,"comment_status":"open","ping_status":"closed","template":"","meta":[],"product_cat":[35],"product_tag":[],"_links":{"self":[{"href":"https:\/\/belvederalimentos.com.br\/novosite\/wp-json\/wp\/v2\/product\/5001"}],"collection":[{"href":"https:\/\/belvederalimentos.com.br\/novosite\/wp-json\/wp\/v2\/product"}],"about":[{"href":"https:\/\/belvederalimentos.com.br\/novosite\/wp-json\/wp\/v2\/types\/product"}],"replies":[{"embeddable":true,"href":"https:\/\/belvederalimentos.com.br\/novosite\/wp-json\/wp\/v2\/comments?post=5001"}],"wp:featuredmedia":[{"embeddable":true,"href":"https:\/\/belvederalimentos.com.br\/novosite\/wp-json\/wp\/v2\/media\/4999"}],"wp:attachment":[{"href":"https:\/\/belvederalimentos.com.br\/novosite\/wp-json\/wp\/v2\/media?parent=5001"}],"wp:term":[{"taxonomy":"product_cat","embeddable":true,"href":"https:\/\/belvederalimentos.com.br\/novosite\/wp-json\/wp\/v2\/product_cat?post=5001"},{"taxonomy":"product_tag","embeddable":true,"href":"https:\/\/belvederalimentos.com.br\/novosite\/wp-json\/wp\/v2\/product_tag?post=5001"}],"curies":[{"name":"wp","href":"https:\/\/api.w.org\/{rel}","templated":true}]}}