{"id":5004,"date":"2022-03-31T15:43:43","date_gmt":"2022-03-31T18:43:43","guid":{"rendered":"https:\/\/belvederalimentos.com.br\/novosite\/?post_type=product&#038;p=5004"},"modified":"2022-03-31T15:44:20","modified_gmt":"2022-03-31T18:44:20","slug":"cafe-a-vacuo-molito-superior","status":"publish","type":"product","link":"https:\/\/belvederalimentos.com.br\/novosite\/product\/cafe-a-vacuo-molito-superior\/","title":{"rendered":"Caf\u00e9 a V\u00e1cuo Molito Superior"},"content":{"rendered":"<p>Nota igual ou maior a 6 e at\u00e9 7,2.<br \/>\nPonto de torra m\u00e9dio claro, m\u00e9dio.<\/p>\n","protected":false},"excerpt":{"rendered":"<p>Nota igual ou maior a 6 e at\u00e9 7,2. Ponto de torra m\u00e9dio claro, m\u00e9dio.<\/p>\n","protected":false},"featured_media":5003,"comment_status":"open","ping_status":"closed","template":"","meta":[],"product_cat":[35],"product_tag":[],"_links":{"self":[{"href":"https:\/\/belvederalimentos.com.br\/novosite\/wp-json\/wp\/v2\/product\/5004"}],"collection":[{"href":"https:\/\/belvederalimentos.com.br\/novosite\/wp-json\/wp\/v2\/product"}],"about":[{"href":"https:\/\/belvederalimentos.com.br\/novosite\/wp-json\/wp\/v2\/types\/product"}],"replies":[{"embeddable":true,"href":"https:\/\/belvederalimentos.com.br\/novosite\/wp-json\/wp\/v2\/comments?post=5004"}],"wp:featuredmedia":[{"embeddable":true,"href":"https:\/\/belvederalimentos.com.br\/novosite\/wp-json\/wp\/v2\/media\/5003"}],"wp:attachment":[{"href":"https:\/\/belvederalimentos.com.br\/novosite\/wp-json\/wp\/v2\/media?parent=5004"}],"wp:term":[{"taxonomy":"product_cat","embeddable":true,"href":"https:\/\/belvederalimentos.com.br\/novosite\/wp-json\/wp\/v2\/product_cat?post=5004"},{"taxonomy":"product_tag","embeddable":true,"href":"https:\/\/belvederalimentos.com.br\/novosite\/wp-json\/wp\/v2\/product_tag?post=5004"}],"curies":[{"name":"wp","href":"https:\/\/api.w.org\/{rel}","templated":true}]}}