{"id":5005,"date":"2022-03-31T15:45:13","date_gmt":"2022-03-31T18:45:13","guid":{"rendered":"https:\/\/belvederalimentos.com.br\/novosite\/?post_type=product&#038;p=5005"},"modified":"2022-03-31T15:48:15","modified_gmt":"2022-03-31T18:48:15","slug":"cafe-a-vacuo-molito-gourmet","status":"publish","type":"product","link":"https:\/\/belvederalimentos.com.br\/novosite\/product\/cafe-a-vacuo-molito-gourmet\/","title":{"rendered":"Caf\u00e9 a V\u00e1cuo Molito Gourmet"},"content":{"rendered":"<p>Nota igual ou superior a 7,3 e at\u00e9 10.<br \/>\nPonto de torra moderadamente claro, m\u00e9dio claro.<\/p>\n","protected":false},"excerpt":{"rendered":"<p>Nota igual ou superior a 7,3 e at\u00e9 10. Ponto de torra moderadamente claro, m\u00e9dio claro.<\/p>\n","protected":false},"featured_media":5003,"comment_status":"open","ping_status":"closed","template":"","meta":[],"product_cat":[35],"product_tag":[],"_links":{"self":[{"href":"https:\/\/belvederalimentos.com.br\/novosite\/wp-json\/wp\/v2\/product\/5005"}],"collection":[{"href":"https:\/\/belvederalimentos.com.br\/novosite\/wp-json\/wp\/v2\/product"}],"about":[{"href":"https:\/\/belvederalimentos.com.br\/novosite\/wp-json\/wp\/v2\/types\/product"}],"replies":[{"embeddable":true,"href":"https:\/\/belvederalimentos.com.br\/novosite\/wp-json\/wp\/v2\/comments?post=5005"}],"wp:featuredmedia":[{"embeddable":true,"href":"https:\/\/belvederalimentos.com.br\/novosite\/wp-json\/wp\/v2\/media\/5003"}],"wp:attachment":[{"href":"https:\/\/belvederalimentos.com.br\/novosite\/wp-json\/wp\/v2\/media?parent=5005"}],"wp:term":[{"taxonomy":"product_cat","embeddable":true,"href":"https:\/\/belvederalimentos.com.br\/novosite\/wp-json\/wp\/v2\/product_cat?post=5005"},{"taxonomy":"product_tag","embeddable":true,"href":"https:\/\/belvederalimentos.com.br\/novosite\/wp-json\/wp\/v2\/product_tag?post=5005"}],"curies":[{"name":"wp","href":"https:\/\/api.w.org\/{rel}","templated":true}]}}